{"id":7,"date":"2024-02-06T15:13:32","date_gmt":"2024-02-06T18:13:32","guid":{"rendered":"https:\/\/colegio.laboro.edu.br\/blog\/?page_id=7"},"modified":"2024-07-19T11:19:56","modified_gmt":"2024-07-19T14:19:56","slug":"home","status":"publish","type":"page","link":"https:\/\/colegio.laboro.edu.br\/blog\/","title":{"rendered":"Home"},"content":{"rendered":"\n<div class=\"wp-block-query alignwide is-layout-flow wp-block-query-is-layout-flow\"><ul class=\"wp-block-post-template is-layout-flow wp-block-post-template-is-layout-flow\"><li class=\"wp-block-post post-26 post type-post status-publish format-standard has-post-thumbnail hentry category-noticias tag-bolsas tag-seletivo entry has-media\">\n<h2 class=\"wp-block-post-title\"><a href=\"https:\/\/colegio.laboro.edu.br\/blog\/2024\/02\/08\/resultado-seletivo-para-bolsas-de-estudo-colegio-laboro\/\" target=\"_self\" >RESULTADO SELETIVO PARA BOLSAS DE ESTUDO COL\u00c9GIO LABORO<\/a><\/h2>\n\n\n<div class=\"wp-block-group alignwide has-large-font-size\"><div class=\"wp-block-group__inner-container is-layout-constrained wp-block-group-is-layout-constrained\"><figure class=\"alignwide wp-block-post-featured-image\"><a href=\"https:\/\/colegio.laboro.edu.br\/blog\/2024\/02\/08\/resultado-seletivo-para-bolsas-de-estudo-colegio-laboro\/\" target=\"_self\"  ><img fetchpriority=\"high\" decoding=\"async\" width=\"1200\" height=\"675\" src=\"https:\/\/colegio.laboro.edu.br\/blog\/wp-content\/uploads\/2024\/02\/seletivo-bolsas.webp\" class=\"attachment-post-thumbnail size-post-thumbnail wp-post-image\" alt=\"RESULTADO SELETIVO PARA BOLSAS DE ESTUDO COL\u00c9GIO LABORO\" style=\"object-fit:cover;\" srcset=\"https:\/\/colegio.laboro.edu.br\/blog\/wp-content\/uploads\/2024\/02\/seletivo-bolsas.webp 1200w, https:\/\/colegio.laboro.edu.br\/blog\/wp-content\/uploads\/2024\/02\/seletivo-bolsas-300x169.webp 300w, https:\/\/colegio.laboro.edu.br\/blog\/wp-content\/uploads\/2024\/02\/seletivo-bolsas-1024x576.webp 1024w, https:\/\/colegio.laboro.edu.br\/blog\/wp-content\/uploads\/2024\/02\/seletivo-bolsas-768x432.webp 768w\" sizes=\"(max-width: 1200px) 100vw, 1200px\" \/><\/a><\/figure><\/div><\/div>\n\n\n<div class=\"wp-block-post-excerpt\"><p class=\"wp-block-post-excerpt__excerpt\">O Col\u00e9gio Laboro promoveu um Seletivo para Bolsas de Estudo, com o intuito de reconhecer o m\u00e9rito acad\u00eamico e oferecer oportunidades educacionais a estudantes dedicados que ingressar\u00e3o no 6\u00ba ano do Ensino Fundamental e na 1\u00aa s\u00e9rie do Ensino M\u00e9dio no pr\u00f3ximo ano letivo. As inscri\u00e7\u00f5es ocorreram no per\u00edodo de 11 de dezembro de 2023&hellip; <\/p><\/div>\n\n\n<hr class=\"wp-block-separator has-css-opacity\"\/>\n\n\n<div class=\"wp-block-post-date\"><time datetime=\"2024-02-08T09:35:08-03:00\">8 de fevereiro de 2024<\/time><\/div>\n<\/li><\/ul><\/div>\n\n\n\n<p><\/p>\n","protected":false},"excerpt":{"rendered":"","protected":false},"author":1,"featured_media":751,"parent":0,"menu_order":0,"comment_status":"closed","ping_status":"closed","template":"","meta":{"ocean_post_layout":"","ocean_both_sidebars_style":"","ocean_both_sidebars_content_width":0,"ocean_both_sidebars_sidebars_width":0,"ocean_sidebar":"","ocean_second_sidebar":"","ocean_disable_margins":"enable","ocean_add_body_class":"","ocean_shortcode_before_top_bar":"","ocean_shortcode_after_top_bar":"","ocean_shortcode_before_header":"","ocean_shortcode_after_header":"","ocean_has_shortcode":"","ocean_shortcode_after_title":"","ocean_shortcode_before_footer_widgets":"","ocean_shortcode_after_footer_widgets":"","ocean_shortcode_before_footer_bottom":"","ocean_shortcode_after_footer_bottom":"","ocean_display_top_bar":"default","ocean_display_header":"default","ocean_header_style":"","ocean_center_header_left_menu":"","ocean_custom_header_template":"","ocean_custom_logo":0,"ocean_custom_retina_logo":0,"ocean_custom_logo_max_width":0,"ocean_custom_logo_tablet_max_width":0,"ocean_custom_logo_mobile_max_width":0,"ocean_custom_logo_max_height":0,"ocean_custom_logo_tablet_max_height":0,"ocean_custom_logo_mobile_max_height":0,"ocean_header_custom_menu":"","ocean_menu_typo_font_family":"","ocean_menu_typo_font_subset":"","ocean_menu_typo_font_size":0,"ocean_menu_typo_font_size_tablet":0,"ocean_menu_typo_font_size_mobile":0,"ocean_menu_typo_font_size_unit":"px","ocean_menu_typo_font_weight":"","ocean_menu_typo_font_weight_tablet":"","ocean_menu_typo_font_weight_mobile":"","ocean_menu_typo_transform":"","ocean_menu_typo_transform_tablet":"","ocean_menu_typo_transform_mobile":"","ocean_menu_typo_line_height":0,"ocean_menu_typo_line_height_tablet":0,"ocean_menu_typo_line_height_mobile":0,"ocean_menu_typo_line_height_unit":"","ocean_menu_typo_spacing":0,"ocean_menu_typo_spacing_tablet":0,"ocean_menu_typo_spacing_mobile":0,"ocean_menu_typo_spacing_unit":"","ocean_menu_link_color":"","ocean_menu_link_color_hover":"","ocean_menu_link_color_active":"","ocean_menu_link_background":"","ocean_menu_link_hover_background":"","ocean_menu_link_active_background":"","ocean_menu_social_links_bg":"","ocean_menu_social_hover_links_bg":"","ocean_menu_social_links_color":"","ocean_menu_social_hover_links_color":"","ocean_disable_title":"default","ocean_disable_heading":"default","ocean_post_title":"","ocean_post_subheading":"","ocean_post_title_style":"","ocean_post_title_background_color":"","ocean_post_title_background":0,"ocean_post_title_bg_image_position":"","ocean_post_title_bg_image_attachment":"","ocean_post_title_bg_image_repeat":"","ocean_post_title_bg_image_size":"","ocean_post_title_height":0,"ocean_post_title_bg_overlay":0.5,"ocean_post_title_bg_overlay_color":"","ocean_disable_breadcrumbs":"default","ocean_breadcrumbs_color":"","ocean_breadcrumbs_separator_color":"","ocean_breadcrumbs_links_color":"","ocean_breadcrumbs_links_hover_color":"","ocean_display_footer_widgets":"default","ocean_display_footer_bottom":"default","ocean_custom_footer_template":"","footnotes":""},"class_list":["post-7","page","type-page","status-publish","has-post-thumbnail","hentry","entry","has-media"],"_links":{"self":[{"href":"https:\/\/colegio.laboro.edu.br\/blog\/wp-json\/wp\/v2\/pages\/7","targetHints":{"allow":["GET"]}}],"collection":[{"href":"https:\/\/colegio.laboro.edu.br\/blog\/wp-json\/wp\/v2\/pages"}],"about":[{"href":"https:\/\/colegio.laboro.edu.br\/blog\/wp-json\/wp\/v2\/types\/page"}],"author":[{"embeddable":true,"href":"https:\/\/colegio.laboro.edu.br\/blog\/wp-json\/wp\/v2\/users\/1"}],"replies":[{"embeddable":true,"href":"https:\/\/colegio.laboro.edu.br\/blog\/wp-json\/wp\/v2\/comments?post=7"}],"version-history":[{"count":3,"href":"https:\/\/colegio.laboro.edu.br\/blog\/wp-json\/wp\/v2\/pages\/7\/revisions"}],"predecessor-version":[{"id":748,"href":"https:\/\/colegio.laboro.edu.br\/blog\/wp-json\/wp\/v2\/pages\/7\/revisions\/748"}],"wp:featuredmedia":[{"embeddable":true,"href":"https:\/\/colegio.laboro.edu.br\/blog\/wp-json\/wp\/v2\/media\/751"}],"wp:attachment":[{"href":"https:\/\/colegio.laboro.edu.br\/blog\/wp-json\/wp\/v2\/media?parent=7"}],"curies":[{"name":"wp","href":"https:\/\/api.w.org\/{rel}","templated":true}]}}